{"id":955,"date":"2024-12-24T16:59:41","date_gmt":"2024-12-24T19:59:41","guid":{"rendered":"https:\/\/bmxchillan.cl\/?page_id=955"},"modified":"2024-12-24T16:59:41","modified_gmt":"2024-12-24T19:59:41","slug":"martin-ignacio-cueto-fuentes","status":"publish","type":"page","link":"https:\/\/bmxchillan.cl\/index.php\/martin-ignacio-cueto-fuentes\/","title":{"rendered":"Mart\u00edn Ignacio Cueto Fuentes"},"content":{"rendered":"\n<p>Con profundo pesar, el Club Bicicross Chill\u00e1n comunica el sensible fallecimiento de nuestro querido y joven deportista, <strong>Mart\u00edn Ignacio Cueto Fuentes (Q.E.P.D.)<\/strong>, quien, a sus cortos 20 a\u00f1os, nos deja f\u00edsicamente, pero permanecer\u00e1 siempre en nuestros corazones.<\/p>\n\n\n<div class=\"wp-block-image\">\n<figure class=\"alignleft size-large is-resized\"><img decoding=\"async\" loading=\"lazy\" src=\"https:\/\/bmxchillan.cl\/wp-content\/uploads\/2024\/12\/mcp3-819x1024.jpeg\" alt=\"\" class=\"wp-image-956\" width=\"323\" height=\"404\" srcset=\"https:\/\/bmxchillan.cl\/wp-content\/uploads\/2024\/12\/mcp3-819x1024.jpeg 819w, https:\/\/bmxchillan.cl\/wp-content\/uploads\/2024\/12\/mcp3-240x300.jpeg 240w, https:\/\/bmxchillan.cl\/wp-content\/uploads\/2024\/12\/mcp3-768x960.jpeg 768w, https:\/\/bmxchillan.cl\/wp-content\/uploads\/2024\/12\/mcp3-1229x1536.jpeg 1229w, https:\/\/bmxchillan.cl\/wp-content\/uploads\/2024\/12\/mcp3.jpeg 1280w\" sizes=\"(max-width: 323px) 100vw, 323px\" \/><\/figure><\/div>\n\n\n<p>Mart\u00edn no solo fue un apasionado del bicicross, sino tambi\u00e9n un esp\u00edritu libre, lleno de energ\u00eda y vitalidad. Su risa contagiosa, su naturaleza espont\u00e1nea y esa chispa de desorden que tanto lo caracterizaba llenaban cada rinc\u00f3n de alegr\u00eda y vida. Era imposible no sentirse contagiado por su entusiasmo, y as\u00ed ser\u00e1 recordado: como alguien que vivi\u00f3 intensamente y dej\u00f3 huellas imborrables en quienes tuvimos el privilegio de conocerlo.<\/p>\n\n\n\n<p>En este dif\u00edcil momento, enviamos nuestras m\u00e1s sinceras condolencias y un abrazo lleno de amor y fortaleza a sus padres, familia y amigos. Que encuentren consuelo en los maravillosos recuerdos que Mart\u00edn nos dej\u00f3 y en la certeza de que, desde donde est\u00e9, seguir\u00e1 iluminando nuestras vidas con su luz inagotable.<\/p>\n\n\n<div class=\"wp-block-image\">\n<figure class=\"alignright size-large is-resized\"><img decoding=\"async\" loading=\"lazy\" src=\"https:\/\/bmxchillan.cl\/wp-content\/uploads\/2024\/12\/mcp4-678x1024.jpeg\" alt=\"\" class=\"wp-image-957\" width=\"309\" height=\"467\" srcset=\"https:\/\/bmxchillan.cl\/wp-content\/uploads\/2024\/12\/mcp4-678x1024.jpeg 678w, https:\/\/bmxchillan.cl\/wp-content\/uploads\/2024\/12\/mcp4-199x300.jpeg 199w, https:\/\/bmxchillan.cl\/wp-content\/uploads\/2024\/12\/mcp4-768x1160.jpeg 768w, https:\/\/bmxchillan.cl\/wp-content\/uploads\/2024\/12\/mcp4-1017x1536.jpeg 1017w, https:\/\/bmxchillan.cl\/wp-content\/uploads\/2024\/12\/mcp4-1356x2048.jpeg 1356w, https:\/\/bmxchillan.cl\/wp-content\/uploads\/2024\/12\/mcp4.jpeg 1695w\" sizes=\"(max-width: 309px) 100vw, 309px\" \/><\/figure><\/div>\n\n\n<p>A nombre de toda la familia del Club Bicicross Chill\u00e1n, pedimos que su memoria sea un recordatorio de la importancia de vivir con pasi\u00f3n y alegr\u00eda. Descansa en paz, querido Mart\u00edn. Siempre ser\u00e1s parte de esta pista.<\/p>\n","protected":false},"excerpt":{"rendered":"<p>Con profundo pesar, el Club Bicicross Chill\u00e1n comunica el sensible fallecimiento de nuestro querido y joven deportista, Mart\u00edn Ignacio Cueto Fuentes (Q.E.P.D.), quien, a sus cortos 20 a\u00f1os, nos deja f\u00edsicamente, pero permanecer\u00e1 siempre en nuestros corazones. Mart\u00edn no solo fue un apasionado del bicicross, sino tambi\u00e9n un esp\u00edritu libre, lleno de energ\u00eda y vitalidad. &hellip; <\/p>\n<div class=\"link-more text-center\"><a href=\"https:\/\/bmxchillan.cl\/index.php\/martin-ignacio-cueto-fuentes\/\" class=\"more-link py-2 px-4\">Read More<span class=\"screen-reader-text\"> &#8220;Mart\u00edn Ignacio Cueto Fuentes&#8221;<\/span><\/a><\/div>\n","protected":false},"author":1,"featured_media":0,"parent":0,"menu_order":0,"comment_status":"closed","ping_status":"closed","template":"","meta":{"ngg_post_thumbnail":0},"_links":{"self":[{"href":"https:\/\/bmxchillan.cl\/index.php\/wp-json\/wp\/v2\/pages\/955"}],"collection":[{"href":"https:\/\/bmxchillan.cl\/index.php\/wp-json\/wp\/v2\/pages"}],"about":[{"href":"https:\/\/bmxchillan.cl\/index.php\/wp-json\/wp\/v2\/types\/page"}],"author":[{"embeddable":true,"href":"https:\/\/bmxchillan.cl\/index.php\/wp-json\/wp\/v2\/users\/1"}],"replies":[{"embeddable":true,"href":"https:\/\/bmxchillan.cl\/index.php\/wp-json\/wp\/v2\/comments?post=955"}],"version-history":[{"count":1,"href":"https:\/\/bmxchillan.cl\/index.php\/wp-json\/wp\/v2\/pages\/955\/revisions"}],"predecessor-version":[{"id":958,"href":"https:\/\/bmxchillan.cl\/index.php\/wp-json\/wp\/v2\/pages\/955\/revisions\/958"}],"wp:attachment":[{"href":"https:\/\/bmxchillan.cl\/index.php\/wp-json\/wp\/v2\/media?parent=955"}],"curies":[{"name":"wp","href":"https:\/\/api.w.org\/{rel}","templated":true}]}}